{"id":10,"date":"2026-02-24T05:39:21","date_gmt":"2026-02-24T04:39:21","guid":{"rendered":"https:\/\/vien-hurtonline.pl\/?page_id=10"},"modified":"2026-02-26T11:04:16","modified_gmt":"2026-02-26T10:04:16","slug":"koszyk","status":"publish","type":"page","link":"https:\/\/vien-hurtonline.pl\/?page_id=10","title":{"rendered":"Koszyk"},"content":{"rendered":"\n<div data-block-name=\"woocommerce\/cart\" class=\"wp-block-woocommerce-cart alignwide is-loading\">\n<div data-block-name=\"woocommerce\/filled-cart-block\" class=\"wp-block-woocommerce-filled-cart-block\">\n<div data-block-name=\"woocommerce\/cart-items-block\" class=\"wp-block-woocommerce-cart-items-block\">\n<div data-block-name=\"woocommerce\/cart-line-items-block\" class=\"wp-block-woocommerce-cart-line-items-block\"><\/div>\n\n\n<\/div>\n\n\n\n\n<div data-block-name=\"woocommerce\/cart-totals-block\" class=\"wp-block-woocommerce-cart-totals-block\">\n<div data-block-name=\"woocommerce\/cart-order-summary-block\" class=\"wp-block-woocommerce-cart-order-summary-block\">\n<div data-block-name=\"woocommerce\/cart-order-summary-heading-block\" class=\"wp-block-woocommerce-cart-order-summary-heading-block\"><\/div><div data-block-name=\"woocommerce\/cart-order-summary-coupon-form-block\" class=\"wp-block-woocommerce-cart-order-summary-coupon-form-block\"><\/div><div data-block-name=\"woocommerce\/cart-order-summary-totals-block\" class=\"wp-block-woocommerce-cart-order-summary-totals-block\">\n<div data-block-name=\"woocommerce\/cart-order-summary-subtotal-block\" class=\"wp-block-woocommerce-cart-order-summary-subtotal-block\"><\/div>\n<div data-block-name=\"woocommerce\/cart-order-summary-discount-block\" class=\"wp-block-woocommerce-cart-order-summary-discount-block\"><\/div>\n<div data-block-name=\"woocommerce\/cart-order-summary-fee-block\" class=\"wp-block-woocommerce-cart-order-summary-fee-block\"><\/div>\n<div data-block-name=\"woocommerce\/cart-order-summary-shipping-block\" class=\"wp-block-woocommerce-cart-order-summary-shipping-block\"><\/div>\n<div data-block-name=\"woocommerce\/cart-order-summary-taxes-block\" class=\"wp-block-woocommerce-cart-order-summary-taxes-block\"><\/div><\/div>\n<\/div>\n\n\n\n<div data-block-name=\"woocommerce\/cart-express-payment-block\" class=\"wp-block-woocommerce-cart-express-payment-block\"><\/div>\n\n\n\n<div data-block-name=\"woocommerce\/proceed-to-checkout-block\" class=\"wp-block-woocommerce-proceed-to-checkout-block\"><\/div>\n\n\n\n<div data-block-name=\"woocommerce\/cart-accepted-payment-methods-block\" class=\"wp-block-woocommerce-cart-accepted-payment-methods-block\"><\/div>\n<\/div>\n<\/div>\n\n\n\n<div data-block-name=\"woocommerce\/empty-cart-block\" class=\"wp-block-woocommerce-empty-cart-block\">\n<h2 class=\"wp-block-heading has-text-align-center with-empty-cart-icon wc-block-cart__empty-cart__title\">Tw\u00f3j koszyk jest obecnie pusty!<\/h2>\n\n\n\n<hr class=\"wp-block-separator has-alpha-channel-opacity is-style-dots\"\/>\n\n\n\n<h2 class=\"wp-block-heading has-text-align-center\">Nowe w sklepie<\/h2>\n\n\n<div data-block-name=\"woocommerce\/product-new\" data-columns=\"4\" data-rows=\"1\" class=\"wc-block-grid wp-block-product-new wp-block-woocommerce-product-new wc-block-product-new has-4-columns\"><ul class=\"wc-block-grid__products\"><li class=\"wc-block-grid__product\">\r\n                        <a href=\"https:\/\/vien-hurtonline.pl\/?product=pizamy-tureckie-rozpinane-duze-14346\" class=\"wc-block-grid__product-link\">\r\n                                <div class=\"wc-block-grid__product-image\"><img loading=\"lazy\" decoding=\"async\" width=\"300\" height=\"300\" src=\"https:\/\/vien-hurtonline.pl\/wp-content\/uploads\/2026\/04\/027-k20260417100037939-300x300.jpg\" class=\"attachment-woocommerce_thumbnail size-woocommerce_thumbnail\" alt=\"Pizamy tureckie rozpinane duze 14346\" srcset=\"https:\/\/vien-hurtonline.pl\/wp-content\/uploads\/2026\/04\/027-k20260417100037939-300x300.jpg 300w, https:\/\/vien-hurtonline.pl\/wp-content\/uploads\/2026\/04\/027-k20260417100037939-150x150.jpg 150w, https:\/\/vien-hurtonline.pl\/wp-content\/uploads\/2026\/04\/027-k20260417100037939-100x100.jpg 100w\" sizes=\"auto, (max-width: 300px) 100vw, 300px\" \/><\/div>\r\n                                <div class=\"wc-block-grid__product-title\">Pizamy tureckie rozpinane duze 14346<\/div>\r\n                        <\/a>\r\n                        \r\n                        <div class=\"wc-block-grid__product-price price\"><span class=\"login-to-see-price\">Interesuje Ci hurtowy zakup ? \ud83d\udc4d Prosze na WhatsApp<\/span><\/div>\r\n                        \r\n                        <div class=\"wp-block-button wc-block-grid__product-add-to-cart\"><a href=\"https:\/\/vien-hurtonline.pl\/?product=pizamy-tureckie-rozpinane-duze-14346\" aria-label=\"Przeczytaj wi\u0119cej o &bdquo;Pizamy tureckie rozpinane duze 14346&rdquo;\" data-quantity=\"4\" data-product_id=\"2102\" data-product_sku=\"027-k20260417100037939-14346\" rel=\"nofollow\" class=\"wp-block-button__link add_to_cart_button ajax_add_to_cart\">Dowiedz si\u0119 wi\u0119cej<\/a><\/div>\r\n                <\/li><li class=\"wc-block-grid__product\">\r\n                        <a href=\"https:\/\/vien-hurtonline.pl\/?product=pizamy-tureckie-przez-glowe-duze-14347\" class=\"wc-block-grid__product-link\">\r\n                                <div class=\"wc-block-grid__product-image\"><img loading=\"lazy\" decoding=\"async\" width=\"300\" height=\"300\" src=\"https:\/\/vien-hurtonline.pl\/wp-content\/uploads\/2026\/04\/027-k20260417100032176-300x300.jpg\" class=\"attachment-woocommerce_thumbnail size-woocommerce_thumbnail\" alt=\"Pizamy tureckie przez g\u0142ow\u0119 duze 14347\" srcset=\"https:\/\/vien-hurtonline.pl\/wp-content\/uploads\/2026\/04\/027-k20260417100032176-300x300.jpg 300w, https:\/\/vien-hurtonline.pl\/wp-content\/uploads\/2026\/04\/027-k20260417100032176-150x150.jpg 150w, https:\/\/vien-hurtonline.pl\/wp-content\/uploads\/2026\/04\/027-k20260417100032176-100x100.jpg 100w\" sizes=\"auto, (max-width: 300px) 100vw, 300px\" \/><\/div>\r\n                                <div class=\"wc-block-grid__product-title\">Pizamy tureckie przez g\u0142ow\u0119 duze 14347<\/div>\r\n                        <\/a>\r\n                        \r\n                        <div class=\"wc-block-grid__product-price price\"><span class=\"login-to-see-price\">Interesuje Ci hurtowy zakup ? \ud83d\udc4d Prosze na WhatsApp<\/span><\/div>\r\n                        \r\n                        <div class=\"wp-block-button wc-block-grid__product-add-to-cart\"><a href=\"https:\/\/vien-hurtonline.pl\/?product=pizamy-tureckie-przez-glowe-duze-14347\" aria-label=\"Przeczytaj wi\u0119cej o &bdquo;Pizamy tureckie przez g\u0142ow\u0119 duze 14347&rdquo;\" data-quantity=\"4\" data-product_id=\"2101\" data-product_sku=\"027-k20260417100032176-14347\" rel=\"nofollow\" class=\"wp-block-button__link add_to_cart_button ajax_add_to_cart\">Dowiedz si\u0119 wi\u0119cej<\/a><\/div>\r\n                <\/li><li class=\"wc-block-grid__product\">\r\n                        <a href=\"https:\/\/vien-hurtonline.pl\/?product=pizamy-tureckie-przez-glowe-duze-14285\" class=\"wc-block-grid__product-link\">\r\n                                <div class=\"wc-block-grid__product-image\"><img loading=\"lazy\" decoding=\"async\" width=\"300\" height=\"300\" src=\"https:\/\/vien-hurtonline.pl\/wp-content\/uploads\/2026\/04\/027-k20260417100023620-300x300.jpg\" class=\"attachment-woocommerce_thumbnail size-woocommerce_thumbnail\" alt=\"Pizamy tureckie przez g\u0142ow\u0119 duze 14285\" srcset=\"https:\/\/vien-hurtonline.pl\/wp-content\/uploads\/2026\/04\/027-k20260417100023620-300x300.jpg 300w, https:\/\/vien-hurtonline.pl\/wp-content\/uploads\/2026\/04\/027-k20260417100023620-150x150.jpg 150w, https:\/\/vien-hurtonline.pl\/wp-content\/uploads\/2026\/04\/027-k20260417100023620-100x100.jpg 100w\" sizes=\"auto, (max-width: 300px) 100vw, 300px\" \/><\/div>\r\n                                <div class=\"wc-block-grid__product-title\">Pizamy tureckie przez g\u0142ow\u0119 duze 14285<\/div>\r\n                        <\/a>\r\n                        \r\n                        <div class=\"wc-block-grid__product-price price\"><span class=\"login-to-see-price\">Interesuje Ci hurtowy zakup ? \ud83d\udc4d Prosze na WhatsApp<\/span><\/div>\r\n                        \r\n                        <div class=\"wp-block-button wc-block-grid__product-add-to-cart\"><a href=\"https:\/\/vien-hurtonline.pl\/?product=pizamy-tureckie-przez-glowe-duze-14285\" aria-label=\"Przeczytaj wi\u0119cej o &bdquo;Pizamy tureckie przez g\u0142ow\u0119 duze 14285&rdquo;\" data-quantity=\"4\" data-product_id=\"2100\" data-product_sku=\"027-k20260417100023620-14285\" rel=\"nofollow\" class=\"wp-block-button__link add_to_cart_button ajax_add_to_cart\">Dowiedz si\u0119 wi\u0119cej<\/a><\/div>\r\n                <\/li><li class=\"wc-block-grid__product\">\r\n                        <a href=\"https:\/\/vien-hurtonline.pl\/?product=pizamy-tureckie-przez-glowe-duze-14348\" class=\"wc-block-grid__product-link\">\r\n                                <div class=\"wc-block-grid__product-image\"><img loading=\"lazy\" decoding=\"async\" width=\"300\" height=\"300\" src=\"https:\/\/vien-hurtonline.pl\/wp-content\/uploads\/2026\/04\/027-k20260417095953340-300x300.jpg\" class=\"attachment-woocommerce_thumbnail size-woocommerce_thumbnail\" alt=\"Pizamy tureckie przez g\u0142ow\u0119 duze 14348\" srcset=\"https:\/\/vien-hurtonline.pl\/wp-content\/uploads\/2026\/04\/027-k20260417095953340-300x300.jpg 300w, https:\/\/vien-hurtonline.pl\/wp-content\/uploads\/2026\/04\/027-k20260417095953340-150x150.jpg 150w, https:\/\/vien-hurtonline.pl\/wp-content\/uploads\/2026\/04\/027-k20260417095953340-100x100.jpg 100w\" sizes=\"auto, (max-width: 300px) 100vw, 300px\" \/><\/div>\r\n                                <div class=\"wc-block-grid__product-title\">Pizamy tureckie przez g\u0142ow\u0119 duze 14348<\/div>\r\n                        <\/a>\r\n                        \r\n                        <div class=\"wc-block-grid__product-price price\"><span class=\"login-to-see-price\">Interesuje Ci hurtowy zakup ? \ud83d\udc4d Prosze na WhatsApp<\/span><\/div>\r\n                        \r\n                        <div class=\"wp-block-button wc-block-grid__product-add-to-cart\"><a href=\"https:\/\/vien-hurtonline.pl\/?product=pizamy-tureckie-przez-glowe-duze-14348\" aria-label=\"Przeczytaj wi\u0119cej o &bdquo;Pizamy tureckie przez g\u0142ow\u0119 duze 14348&rdquo;\" data-quantity=\"4\" data-product_id=\"2099\" data-product_sku=\"027-k20260417095953340-14348\" rel=\"nofollow\" class=\"wp-block-button__link add_to_cart_button ajax_add_to_cart\">Dowiedz si\u0119 wi\u0119cej<\/a><\/div>\r\n                <\/li><\/ul><\/div><\/div>\n<\/div>\n","protected":false},"excerpt":{"rendered":"","protected":false},"author":1,"featured_media":0,"parent":0,"menu_order":0,"comment_status":"closed","ping_status":"closed","template":"","meta":{"site-sidebar-layout":"default","site-content-layout":"","ast-site-content-layout":"default","site-content-style":"default","site-sidebar-style":"default","ast-global-header-display":"","ast-banner-title-visibility":"","ast-main-header-display":"","ast-hfb-above-header-display":"","ast-hfb-below-header-display":"","ast-hfb-mobile-header-display":"","site-post-title":"","ast-breadcrumbs-content":"","ast-featured-img":"","footer-sml-layout":"","ast-disable-related-posts":"","theme-transparent-header-meta":"","adv-header-id-meta":"","stick-header-meta":"","header-above-stick-meta":"","header-main-stick-meta":"","header-below-stick-meta":"","astra-migrate-meta-layouts":"default","ast-page-background-enabled":"default","ast-page-background-meta":{"desktop":{"background-color":"var(--ast-global-color-5)","background-image":"","background-repeat":"repeat","background-position":"center center","background-size":"auto","background-attachment":"scroll","background-type":"","background-media":"","overlay-type":"","overlay-color":"","overlay-opacity":"","overlay-gradient":""},"tablet":{"background-color":"","background-image":"","background-repeat":"repeat","background-position":"center center","background-size":"auto","background-attachment":"scroll","background-type":"","background-media":"","overlay-type":"","overlay-color":"","overlay-opacity":"","overlay-gradient":""},"mobile":{"background-color":"","background-image":"","background-repeat":"repeat","background-position":"center center","background-size":"auto","background-attachment":"scroll","background-type":"","background-media":"","overlay-type":"","overlay-color":"","overlay-opacity":"","overlay-gradient":""}},"ast-content-background-meta":{"desktop":{"background-color":"var(--ast-global-color-4)","background-image":"","background-repeat":"repeat","background-position":"center center","background-size":"auto","background-attachment":"scroll","background-type":"","background-media":"","overlay-type":"","overlay-color":"","overlay-opacity":"","overlay-gradient":""},"tablet":{"background-color":"var(--ast-global-color-4)","background-image":"","background-repeat":"repeat","background-position":"center center","background-size":"auto","background-attachment":"scroll","background-type":"","background-media":"","overlay-type":"","overlay-color":"","overlay-opacity":"","overlay-gradient":""},"mobile":{"background-color":"var(--ast-global-color-4)","background-image":"","background-repeat":"repeat","background-position":"center center","background-size":"auto","background-attachment":"scroll","background-type":"","background-media":"","overlay-type":"","overlay-color":"","overlay-opacity":"","overlay-gradient":""}},"footnotes":""},"class_list":["post-10","page","type-page","status-publish","hentry"],"_links":{"self":[{"href":"https:\/\/vien-hurtonline.pl\/index.php?rest_route=\/wp\/v2\/pages\/10","targetHints":{"allow":["GET"]}}],"collection":[{"href":"https:\/\/vien-hurtonline.pl\/index.php?rest_route=\/wp\/v2\/pages"}],"about":[{"href":"https:\/\/vien-hurtonline.pl\/index.php?rest_route=\/wp\/v2\/types\/page"}],"author":[{"embeddable":true,"href":"https:\/\/vien-hurtonline.pl\/index.php?rest_route=\/wp\/v2\/users\/1"}],"replies":[{"embeddable":true,"href":"https:\/\/vien-hurtonline.pl\/index.php?rest_route=%2Fwp%2Fv2%2Fcomments&post=10"}],"version-history":[{"count":1,"href":"https:\/\/vien-hurtonline.pl\/index.php?rest_route=\/wp\/v2\/pages\/10\/revisions"}],"predecessor-version":[{"id":20,"href":"https:\/\/vien-hurtonline.pl\/index.php?rest_route=\/wp\/v2\/pages\/10\/revisions\/20"}],"wp:attachment":[{"href":"https:\/\/vien-hurtonline.pl\/index.php?rest_route=%2Fwp%2Fv2%2Fmedia&parent=10"}],"curies":[{"name":"wp","href":"https:\/\/api.w.org\/{rel}","templated":true}]}}